{"id":5333,"date":"2023-03-01T11:21:35","date_gmt":"2023-03-01T11:21:35","guid":{"rendered":"http:\/\/www.navick.com\/ca\/marketing\/"},"modified":"2023-04-27T15:25:59","modified_gmt":"2023-04-27T15:25:59","slug":"marketing","status":"publish","type":"page","link":"http:\/\/www.navick.com\/ca\/marketing\/","title":{"rendered":"Marketing"},"content":{"rendered":"<section class=\"wpb-content-wrapper\"><p>[vc_row css=&#8221;.vc_custom_1679398849045{padding-bottom: 50px !important;}&#8221;][vc_column][vc_single_image image=&#8221;4975&#8243; img_size=&#8221;full&#8221; alignment=&#8221;center&#8221;][\/vc_column][\/vc_row][vc_row row_content_width=&#8221;grid&#8221; disable_background_image=&#8221;&#8221; simple_background_image=&#8221;4935&#8243;][vc_column offset=&#8221;vc_hidden-xs&#8221;][vc_empty_space height=&#8221;100&#8243;]<div class=\"edgtf-section-title-holder  edgtf-st-standard edgtf-st-title-left edgtf-st-normal-space \" >\n\t<div class=\"edgtf-st-inner\">\n\t\t\t\t\t<h2 class=\"edgtf-st-title\" >\n\t\t\t\tPer qu\u00e8 necessites fer<br \/> marketing?\t\t\t<\/h2>\n\t\t\t\t\t<\/div>\n<\/div>[vc_row_inner][vc_column_inner width=&#8221;1\/2&#8243;][vc_empty_space height=&#8221;10&#8243;][vc_column_text]Avui dia, el m\u00e0rqueting digital \u00e9s la millor eina perqu\u00e8 les empreses puguin comunicar-se amb els seus clients, saber quines s\u00f3n les seves necessitats i llen\u00e7ar uns productes o serveis que aportin solucions a aquestes demandes.<br \/>\n\u00c9s una excel\u00b7lent forma d&#8217;obtenir m\u00e9s abast i visibilitat online, mitjan\u00e7ant diverses estrat\u00e8gies de m\u00e0rqueting digital, com la creaci\u00f3 de contingut de valor en blocs i canals de not\u00edcies, gesti\u00f3 de xarxes socials, campanyes publicit\u00e0ries, promocions, newsletters i anuncis online. El desaprofitar\u00e0s?[\/vc_column_text][\/vc_column_inner][\/vc_row_inner][\/vc_column][\/vc_row][vc_row row_content_width=&#8221;grid&#8221;][vc_column offset=&#8221;vc_hidden-lg vc_hidden-md vc_hidden-sm&#8221;][vc_empty_space height=&#8221;50&#8243;]<div class=\"edgtf-section-title-holder  edgtf-st-standard edgtf-st-title-left edgtf-st-normal-space \" >\n\t<div class=\"edgtf-st-inner\">\n\t\t\t\t\t<h2 class=\"edgtf-st-title\" >\n\t\t\t\tPer qu\u00e8 necessites fer<br \/> marketing?\t\t\t<\/h2>\n\t\t\t\t\t<\/div>\n<\/div>[vc_row_inner][vc_column_inner width=&#8221;1\/2&#8243;][vc_empty_space height=&#8221;10&#8243;][vc_column_text]Avui dia, el m\u00e0rqueting digital \u00e9s la millor eina perqu\u00e8 les empreses puguin comunicar-se amb els seus clients, saber quines s\u00f3n les seves necessitats i llen\u00e7ar uns productes o serveis que aportin solucions a aquestes demandes.<br \/>\n\u00c9s una excel\u00b7lent forma d&#8217;obtenir m\u00e9s abast i visibilitat online, mitjan\u00e7ant diverses estrat\u00e8gies de m\u00e0rqueting digital, com la creaci\u00f3 de contingut de valor en blocs i canals de not\u00edcies, gesti\u00f3 de xarxes socials, campanyes publicit\u00e0ries, promocions, newsletters i anuncis online. El desaprofitar\u00e0s?[\/vc_column_text][\/vc_column_inner][\/vc_row_inner][\/vc_column][\/vc_row][vc_row row_content_width=&#8221;grid&#8221; css=&#8221;.vc_custom_1679332183987{padding-top: 80px !important;padding-bottom: 35px !important;}&#8221;][vc_column width=&#8221;1\/2&#8243; offset=&#8221;vc_col-lg-3&#8243; css=&#8221;.vc_custom_1548751512333{padding-right: 6% !important;}&#8221;][vc_single_image image=&#8221;4996&#8243; img_size=&#8221;100&#215;100&#8243; css_animation=&#8221;none&#8221;]<div class=\"edgtf-number-with-text-holder \">\n    <span class=\"edgtf-nwt-number\"><\/span>\n\t<div class=\"edgtf-nwt-text-holder\">\n\t\t\t\t<h5 class=\"edgtf-nwt-title\" style=\"color: #000000\">Fidelitza els clients<\/h5>\n\t\t<\/div>\n<\/div>[vc_column_text css=&#8221;.vc_custom_1681472035893{padding-top: 10px !important;}&#8221;]Mantenir un client actual costa entre 5 i 25 vegades menys que adquirir-ne un de nou. \u00c9s vital tenir una comunicaci\u00f3 constant i personalitzada amb els clients per oferir contingut exclusiu i promocions que reforcin la relaci\u00f3 client-empresa.[\/vc_column_text][vc_empty_space height=&#8221;45px&#8221;][\/vc_column][vc_column width=&#8221;1\/2&#8243; offset=&#8221;vc_col-lg-3&#8243; css=&#8221;.vc_custom_1548751560708{padding-right: 6% !important;}&#8221;][vc_single_image image=&#8221;5001&#8243; img_size=&#8221;100&#215;100&#8243; css_animation=&#8221;none&#8221;]<div class=\"edgtf-number-with-text-holder \">\n    <span class=\"edgtf-nwt-number\"><\/span>\n\t<div class=\"edgtf-nwt-text-holder\">\n\t\t\t\t<h5 class=\"edgtf-nwt-title\" style=\"color: #000000\">Aconsegueix m\u00e9s x menys<\/h5>\n\t\t<\/div>\n<\/div>[vc_column_text css=&#8221;.vc_custom_1682608987994{padding-top: 10px !important;}&#8221;]El marketing digital \u00e9s m\u00e9s rendible que el marketing tradicional, ja que ofereix opcions de publicitat m\u00e9s econ\u00f2miques, eines dan\u00e0lisi de resultats i un major abast a una audi\u00e8ncia global. Dona al teu negoci m\u00e9s per menys.[\/vc_column_text][vc_empty_space height=&#8221;45px&#8221;][\/vc_column][vc_column width=&#8221;1\/2&#8243; offset=&#8221;vc_col-lg-3&#8243; css=&#8221;.vc_custom_1548751565309{padding-right: 6% !important;}&#8221;][vc_single_image image=&#8221;4924&#8243; img_size=&#8221;100&#215;100&#8243; css_animation=&#8221;none&#8221;]<div class=\"edgtf-number-with-text-holder \">\n    <span class=\"edgtf-nwt-number\"><\/span>\n\t<div class=\"edgtf-nwt-text-holder\">\n\t\t\t\t<h5 class=\"edgtf-nwt-title\" style=\"color: #000000\">Fes-te m\u00e9s visible<\/h5>\n\t\t<\/div>\n<\/div>[vc_column_text css=&#8221;.vc_custom_1682609007898{padding-top: 10px !important;}&#8221;]Realitzar accions de marketing digital dona m\u00e9s visibilitat a la teva empresa i la fa destacar sobre les altres. \u00c9s molt important escollir una bona estrat\u00e8gia que aconsegueixi donar a con\u00e8ixer el teu negoci, arribar a m\u00e9s usuaris i incrementar les vendes.[\/vc_column_text][vc_empty_space height=&#8221;45px&#8221;][\/vc_column][vc_column width=&#8221;1\/2&#8243; offset=&#8221;vc_col-lg-3&#8243; css=&#8221;.vc_custom_1548751526365{padding-right: 6% !important;}&#8221;][vc_single_image image=&#8221;4995&#8243; img_size=&#8221;100&#215;100&#8243; css_animation=&#8221;none&#8221;]<div class=\"edgtf-number-with-text-holder \">\n    <span class=\"edgtf-nwt-number\"><\/span>\n\t<div class=\"edgtf-nwt-text-holder\">\n\t\t\t\t<h5 class=\"edgtf-nwt-title\" style=\"color: #000000\">Millora les teves vendes<\/h5>\n\t\t<\/div>\n<\/div>[vc_column_text css=&#8221;.vc_custom_1681472283512{padding-top: 10px !important;}&#8221;]Si arribes a m\u00e9s gent, les teves possibilitats de venda creixen. El marketing digital permet mesurar el retorn d&#8217;inversi\u00f3, optimitzar campanyes en temps real i personalitzar l&#8217;experi\u00e8ncia de l&#8217;usuari, cosa que augmenta la probabilitat d&#8217;atreure nous clients.[\/vc_column_text][vc_empty_space height=&#8221;45px&#8221;][\/vc_column][\/vc_row][vc_row css=&#8221;.vc_custom_1678991145444{padding-bottom: 25px !important;}&#8221;][vc_column][vc_images_carousel images=&#8221;4501,4502&#8243; img_size=&#8221;full&#8221; onclick=&#8221;link_no&#8221; speed=&#8221;3000&#8243; autoplay=&#8221;yes&#8221; hide_pagination_control=&#8221;yes&#8221; hide_prev_next_buttons=&#8221;yes&#8221; wrap=&#8221;yes&#8221;][\/vc_column][\/vc_row][vc_row row_content_width=&#8221;grid&#8221; css=&#8221;.vc_custom_1679332191334{padding-top: 35px !important;}&#8221;][vc_column width=&#8221;1\/2&#8243; offset=&#8221;vc_col-lg-3&#8243; css=&#8221;.vc_custom_1548751512333{padding-right: 6% !important;}&#8221;][vc_single_image image=&#8221;4997&#8243; img_size=&#8221;100&#215;100&#8243; css_animation=&#8221;none&#8221;]<div class=\"edgtf-number-with-text-holder \">\n    <span class=\"edgtf-nwt-number\"><\/span>\n\t<div class=\"edgtf-nwt-text-holder\">\n\t\t\t\t<h5 class=\"edgtf-nwt-title\" style=\"color: #000000\">Treballa&#039;t l&#039;Email marketing<\/h5>\n\t\t<\/div>\n<\/div>[vc_column_text css=&#8221;.vc_custom_1682609040129{padding-top: 10px !important;}&#8221;]Nosaltres t&#8217;ajudem a dissenyar i crear campanyes efectives per arribar al teu p\u00fablic potencial. Si envies una newsletter atractiva a trav\u00e9s d&#8217;una plataforma professional, podr\u00e0s arribar a un gran nombre de persones de manera r\u00e0pida i eficient.[\/vc_column_text][vc_empty_space height=&#8221;45px&#8221;][\/vc_column][vc_column width=&#8221;1\/2&#8243; offset=&#8221;vc_col-lg-3&#8243; css=&#8221;.vc_custom_1548751526365{padding-right: 6% !important;}&#8221;][vc_single_image image=&#8221;5000&#8243; img_size=&#8221;100&#215;100&#8243;]<div class=\"edgtf-number-with-text-holder \">\n    <span class=\"edgtf-nwt-number\"><\/span>\n\t<div class=\"edgtf-nwt-text-holder\">\n\t\t\t\t<h5 class=\"edgtf-nwt-title\" style=\"color: #000000\">Posa&#039;t les piles amb el blog<\/h5>\n\t\t<\/div>\n<\/div>[vc_column_text css=&#8221;.vc_custom_1682609094504{padding-top: 10px !important;}&#8221;]Afanya&#8217;t! L&#8217;\u00fas o creaci\u00f3 d&#8217;un blog per a la teva empresa \u00e9s la forma m\u00e9s efectiva d&#8217;augmentar la visibilitat de la teva marca. Tamb\u00e9 t&#8217;ajuda a fomentar la confian\u00e7a i la lleialtat dels clients, millorar el SEO i generar tr\u00e0nsit cap a la teva web.[\/vc_column_text][vc_empty_space height=&#8221;45px&#8221;][\/vc_column][vc_column width=&#8221;1\/2&#8243; offset=&#8221;vc_col-lg-3&#8243; css=&#8221;.vc_custom_1548751560708{padding-right: 6% !important;}&#8221;][vc_single_image image=&#8221;5002&#8243; img_size=&#8221;100&#215;100&#8243;]<div class=\"edgtf-number-with-text-holder \">\n    <span class=\"edgtf-nwt-number\"><\/span>\n\t<div class=\"edgtf-nwt-text-holder\">\n\t\t\t\t<h5 class=\"edgtf-nwt-title\" style=\"color: #000000\">Dona-li canya a les xarxes<\/h5>\n\t\t<\/div>\n<\/div>[vc_column_text css=&#8221;.vc_custom_1682609149362{padding-top: 10px !important;}&#8221;]Un Like, un comentari\u2026 a les teves xarxes Tot suma! La gesti\u00f3 de les teves xarxes socials \u00e9s clau per tenir una bona reputaci\u00f3 en l\u00ednia de la teva empresa. Millorar l&#8217;engagement \u00e9s augmentar la fidelitat dels teus clients i generar nous clients potencials.[\/vc_column_text][vc_empty_space height=&#8221;45px&#8221;][\/vc_column][vc_column width=&#8221;1\/2&#8243; offset=&#8221;vc_col-lg-3&#8243; css=&#8221;.vc_custom_1548751565309{padding-right: 6% !important;}&#8221;][vc_single_image image=&#8221;4999&#8243; img_size=&#8221;100&#215;100&#8243;]<div class=\"edgtf-number-with-text-holder \">\n    <span class=\"edgtf-nwt-number\"><\/span>\n\t<div class=\"edgtf-nwt-text-holder\">\n\t\t\t\t<h5 class=\"edgtf-nwt-title\" style=\"color: #000000\">Ves a tope amb les campanyes<\/h5>\n\t\t<\/div>\n<\/div>[vc_column_text css=&#8221;.vc_custom_1681473417016{padding-top: 10px !important;}&#8221;]Les campanyes publicit\u00e0ries i els anuncis online s\u00f3n la millor manera d&#8217;arribar a un p\u00fablic m\u00e9s ampli i espec\u00edfic. Augmenten la visibilitat de la teva marca i obtenen un retorn d&#8217;inversi\u00f3 m\u00e9s gran en comparaci\u00f3 amb altres mitjans publicitaris.[\/vc_column_text][vc_empty_space height=&#8221;45px&#8221;][\/vc_column][\/vc_row][vc_row row_content_width=&#8221;grid&#8221; css=&#8221;.vc_custom_1679310641183{padding-top: 100px !important;padding-bottom: 141px !important;}&#8221;][vc_column]<div class=\"edgtf-elements-holder   edgtf-two-columns  edgtf-responsive-mode-1024 \" ><div class=\"edgtf-eh-item     \"  data-item-class=\"edgtf-eh-custom-4691\" data-1025-1366=\"0 20px 0 0\" data-769-1024=\"0 0 0 0\" data-681-768=\"0 0 0 0\" data-680=\"0 0 0 0\">\n\t<div class=\"edgtf-eh-item-inner\">\n\t\t<div class=\"edgtf-eh-item-content edgtf-eh-custom-4691\" style=\"padding: 0 50px 0 0\">\n\t\t\t<div class=\"edgtf-section-title-holder  edgtf-st-standard edgtf-st-title-left edgtf-st-normal-space edgtf-st-disable-title-break\" >\n\t<div class=\"edgtf-st-inner\">\n\t\t\t\t\t<h2 class=\"edgtf-st-title\" >\n\t\t\t\tParlem de marketing?<br \/>\t\t\t<\/h2>\n\t\t\t\t\t<\/div>\n<\/div>[vc_column_text css=&#8221;.vc_custom_1681474056241{padding-top: 10px !important;}&#8221;]Nom\u00e9s has d&#8217;emplenar aquest formulari i nosaltres ens posarem en contacte amb tu en un tres i no res. Organitzarem una reuni\u00f3 online per posar-nos al corrent de les teves necessitats i oferir-te una proposta exclusiva per al teu pla de marketing.[\/vc_column_text][vc_empty_space height=&#8221;40&#8243;]\t\t<\/div>\n\t<\/div>\n<\/div><div class=\"edgtf-eh-item edgtf-cf7-contact edgtf-vertical-alignment-bottom   \"  data-item-class=\"edgtf-eh-custom-3681\" data-769-1024=\"50px 0 0 0\" data-681-768=\"50px 0 0 0\" data-680=\"50px 0 0 0\">\n\t<div class=\"edgtf-eh-item-inner\">\n\t\t<div class=\"edgtf-eh-item-content edgtf-eh-custom-3681\" style=\"padding: 0 0 0 0\">\n\t\t\t\n<div class=\"wpcf7 no-js\" id=\"wpcf7-f5351-o1\" lang=\"es-ES\" dir=\"ltr\" data-wpcf7-id=\"5351\">\n<div class=\"screen-reader-response\"><p role=\"status\" aria-live=\"polite\" aria-atomic=\"true\"><\/p> <ul><\/ul><\/div>\n<form action=\"\/ca\/wp-json\/wp\/v2\/pages\/5333#wpcf7-f5351-o1\" method=\"post\" class=\"wpcf7-form init cf7_custom_style_1\" aria-label=\"Contact form\" novalidate=\"novalidate\" data-status=\"init\">\n<fieldset class=\"hidden-fields-container\"><input type=\"hidden\" name=\"_wpcf7\" value=\"5351\" \/><input type=\"hidden\" name=\"_wpcf7_version\" value=\"6.1.5\" \/><input type=\"hidden\" name=\"_wpcf7_locale\" value=\"es_ES\" \/><input type=\"hidden\" name=\"_wpcf7_unit_tag\" value=\"wpcf7-f5351-o1\" \/><input type=\"hidden\" name=\"_wpcf7_container_post\" value=\"0\" \/><input type=\"hidden\" name=\"_wpcf7_posted_data_hash\" value=\"\" \/><input type=\"hidden\" name=\"_wpcf7_recaptcha_response\" value=\"\" \/>\n<\/fieldset>\n<div>\n\t<p><span class=\"wpcf7-form-control-wrap\" data-name=\"Nombre\"><input size=\"40\" maxlength=\"400\" class=\"wpcf7-form-control wpcf7-text wpcf7-validates-as-required\" aria-required=\"true\" aria-invalid=\"false\" placeholder=\"Com et dius?\" value=\"\" type=\"text\" name=\"Nombre\" \/><\/span>\n\t<\/p>\n<\/div>\n<div>\n\t<p><span class=\"wpcf7-form-control-wrap\" data-name=\"Observaciones\"><input size=\"40\" maxlength=\"400\" class=\"wpcf7-form-control wpcf7-text wpcf7-validates-as-required\" aria-required=\"true\" aria-invalid=\"false\" placeholder=\"Qu\u00e8 necessites?\" value=\"\" type=\"text\" name=\"Observaciones\" \/><\/span>\n\t<\/p>\n<\/div>\n<div>\n\t<p><span class=\"wpcf7-form-control-wrap\" data-name=\"Mail\"><input size=\"40\" maxlength=\"400\" class=\"wpcf7-form-control wpcf7-email wpcf7-validates-as-required wpcf7-text wpcf7-validates-as-email\" aria-required=\"true\" aria-invalid=\"false\" placeholder=\"D\u00f3na&#039;ns el teu mail!\" value=\"\" type=\"email\" name=\"Mail\" \/><\/span>\n\t<\/p>\n<\/div>\n<p><button class=\"wpcf7-form-control wpcf7-submit edgtf-btn edgtf-btn-medium edgtf-btn-solid\" type=\"submit\"  data-text=\"Enviar\"><span class=\"edgtf-btn-text\">Enviar<\/span><\/button>\n<\/p><div class=\"wpcf7-response-output\" aria-hidden=\"true\"><\/div>\n<\/form>\n<\/div>\n[vc_empty_space height=&#8221;49px&#8221;]\t\t<\/div>\n\t<\/div>\n<\/div><\/div>[\/vc_column][\/vc_row]<\/p>\n<\/section>","protected":false},"excerpt":{"rendered":"<p>[vc_row css=&#8221;.vc_custom_1679398849045{padding-bottom: 50px !important;}&#8221;][vc_column][vc_single_image image=&#8221;4975&#8243; img_size=&#8221;full&#8221; alignment=&#8221;center&#8221;][\/vc_column][\/vc_row][vc_row row_content_width=&#8221;grid&#8221; disable_background_image=&#8221;&#8221; simple_background_image=&#8221;4935&#8243;][vc_column offset=&#8221;vc_hidden-xs&#8221;][vc_empty_space height=&#8221;100&#8243;][vc_row_inner][vc_column_inner width=&#8221;1\/2&#8243;][vc_empty_space height=&#8221;10&#8243;][vc_column_text]Avui dia, el m\u00e0rqueting digital \u00e9s la millor eina perqu\u00e8 les empreses puguin comunicar-se amb els seus clients, saber quines s\u00f3n les seves necessitats i llen\u00e7ar uns [&hellip;]<\/p>\n","protected":false},"author":1,"featured_media":0,"parent":0,"menu_order":0,"comment_status":"closed","ping_status":"closed","template":"full-width.php","meta":{"footnotes":""},"class_list":["post-5333","page","type-page","status-publish","hentry"],"yoast_head":"<!-- This site is optimized with the Yoast SEO plugin v27.0 - https:\/\/yoast.com\/product\/yoast-seo-wordpress\/ -->\n<title>Navick Comunicaci\u00f3 Visual. Marketing online, offline y xarxes socials<\/title>\n<meta name=\"description\" content=\"Descobreix com el m\u00e0rqueting digital pot ajudar la teva empresa a comunicar-se amb els seus clients, con\u00e8ixer les necessitats i llan\u00e7ar productes o serveis que aportin solucions. Augmenta el teu abast i visibilitat en l\u00ednia amb estrat\u00e8gies efectives com la creaci\u00f3 de contingut de valor, gesti\u00f3 de xarxes socials, campanyes publicit\u00e0ries i molt m\u00e9s. No deixis passar aquesta oportunitat!\" \/>\n<meta name=\"robots\" content=\"index, follow, max-snippet:-1, max-image-preview:large, max-video-preview:-1\" \/>\n<link rel=\"canonical\" href=\"http:\/\/www.navick.com\/ca\/marketing\/\" \/>\n<meta property=\"og:locale\" content=\"ca_ES\" \/>\n<meta property=\"og:type\" content=\"article\" \/>\n<meta property=\"og:title\" content=\"Navick Comunicaci\u00f3 Visual. Marketing online, offline y xarxes socials\" \/>\n<meta property=\"og:description\" content=\"Descobreix com el m\u00e0rqueting digital pot ajudar la teva empresa a comunicar-se amb els seus clients, con\u00e8ixer les necessitats i llan\u00e7ar productes o serveis que aportin solucions. Augmenta el teu abast i visibilitat en l\u00ednia amb estrat\u00e8gies efectives com la creaci\u00f3 de contingut de valor, gesti\u00f3 de xarxes socials, campanyes publicit\u00e0ries i molt m\u00e9s. No deixis passar aquesta oportunitat!\" \/>\n<meta property=\"og:url\" content=\"http:\/\/www.navick.com\/ca\/marketing\/\" \/>\n<meta property=\"og:site_name\" content=\"Navick Comunicaci\u00f3n visual\" \/>\n<meta property=\"article:modified_time\" content=\"2023-04-27T15:25:59+00:00\" \/>\n<meta name=\"twitter:card\" content=\"summary_large_image\" \/>\n<meta name=\"twitter:label1\" content=\"Est. reading time\" \/>\n\t<meta name=\"twitter:data1\" content=\"4 minutes\" \/>\n<script type=\"application\/ld+json\" class=\"yoast-schema-graph\">{\"@context\":\"https:\/\/schema.org\",\"@graph\":[{\"@type\":\"WebPage\",\"@id\":\"http:\/\/www.navick.com\/ca\/marketing\/\",\"url\":\"http:\/\/www.navick.com\/ca\/marketing\/\",\"name\":\"Navick Comunicaci\u00f3 Visual. Marketing online, offline y xarxes socials\",\"isPartOf\":{\"@id\":\"http:\/\/www.navick.com\/#website\"},\"datePublished\":\"2023-03-01T11:21:35+00:00\",\"dateModified\":\"2023-04-27T15:25:59+00:00\",\"description\":\"Descobreix com el m\u00e0rqueting digital pot ajudar la teva empresa a comunicar-se amb els seus clients, con\u00e8ixer les necessitats i llan\u00e7ar productes o serveis que aportin solucions. Augmenta el teu abast i visibilitat en l\u00ednia amb estrat\u00e8gies efectives com la creaci\u00f3 de contingut de valor, gesti\u00f3 de xarxes socials, campanyes publicit\u00e0ries i molt m\u00e9s. No deixis passar aquesta oportunitat!\",\"breadcrumb\":{\"@id\":\"http:\/\/www.navick.com\/ca\/marketing\/#breadcrumb\"},\"inLanguage\":\"ca\",\"potentialAction\":[{\"@type\":\"ReadAction\",\"target\":[\"http:\/\/www.navick.com\/ca\/marketing\/\"]}]},{\"@type\":\"BreadcrumbList\",\"@id\":\"http:\/\/www.navick.com\/ca\/marketing\/#breadcrumb\",\"itemListElement\":[{\"@type\":\"ListItem\",\"position\":1,\"name\":\"Portada\",\"item\":\"http:\/\/www.navick.com\/ca\/\"},{\"@type\":\"ListItem\",\"position\":2,\"name\":\"Marketing\"}]},{\"@type\":\"WebSite\",\"@id\":\"http:\/\/www.navick.com\/#website\",\"url\":\"http:\/\/www.navick.com\/\",\"name\":\"Navick Comunicaci\u00f3n visual\",\"description\":\"Comunicaci\u00f3n, dise\u00f1o web, dise\u00f1o gr\u00e1fico, logotipos, marketing, fotografia\",\"potentialAction\":[{\"@type\":\"SearchAction\",\"target\":{\"@type\":\"EntryPoint\",\"urlTemplate\":\"http:\/\/www.navick.com\/?s={search_term_string}\"},\"query-input\":{\"@type\":\"PropertyValueSpecification\",\"valueRequired\":true,\"valueName\":\"search_term_string\"}}],\"inLanguage\":\"ca\"}]}<\/script>\n<!-- \/ Yoast SEO plugin. -->","yoast_head_json":{"title":"Navick Comunicaci\u00f3 Visual. Marketing online, offline y xarxes socials","description":"Descobreix com el m\u00e0rqueting digital pot ajudar la teva empresa a comunicar-se amb els seus clients, con\u00e8ixer les necessitats i llan\u00e7ar productes o serveis que aportin solucions. Augmenta el teu abast i visibilitat en l\u00ednia amb estrat\u00e8gies efectives com la creaci\u00f3 de contingut de valor, gesti\u00f3 de xarxes socials, campanyes publicit\u00e0ries i molt m\u00e9s. No deixis passar aquesta oportunitat!","robots":{"index":"index","follow":"follow","max-snippet":"max-snippet:-1","max-image-preview":"max-image-preview:large","max-video-preview":"max-video-preview:-1"},"canonical":"http:\/\/www.navick.com\/ca\/marketing\/","og_locale":"ca_ES","og_type":"article","og_title":"Navick Comunicaci\u00f3 Visual. Marketing online, offline y xarxes socials","og_description":"Descobreix com el m\u00e0rqueting digital pot ajudar la teva empresa a comunicar-se amb els seus clients, con\u00e8ixer les necessitats i llan\u00e7ar productes o serveis que aportin solucions. Augmenta el teu abast i visibilitat en l\u00ednia amb estrat\u00e8gies efectives com la creaci\u00f3 de contingut de valor, gesti\u00f3 de xarxes socials, campanyes publicit\u00e0ries i molt m\u00e9s. No deixis passar aquesta oportunitat!","og_url":"http:\/\/www.navick.com\/ca\/marketing\/","og_site_name":"Navick Comunicaci\u00f3n visual","article_modified_time":"2023-04-27T15:25:59+00:00","twitter_card":"summary_large_image","twitter_misc":{"Est. reading time":"4 minutes"},"schema":{"@context":"https:\/\/schema.org","@graph":[{"@type":"WebPage","@id":"http:\/\/www.navick.com\/ca\/marketing\/","url":"http:\/\/www.navick.com\/ca\/marketing\/","name":"Navick Comunicaci\u00f3 Visual. Marketing online, offline y xarxes socials","isPartOf":{"@id":"http:\/\/www.navick.com\/#website"},"datePublished":"2023-03-01T11:21:35+00:00","dateModified":"2023-04-27T15:25:59+00:00","description":"Descobreix com el m\u00e0rqueting digital pot ajudar la teva empresa a comunicar-se amb els seus clients, con\u00e8ixer les necessitats i llan\u00e7ar productes o serveis que aportin solucions. Augmenta el teu abast i visibilitat en l\u00ednia amb estrat\u00e8gies efectives com la creaci\u00f3 de contingut de valor, gesti\u00f3 de xarxes socials, campanyes publicit\u00e0ries i molt m\u00e9s. No deixis passar aquesta oportunitat!","breadcrumb":{"@id":"http:\/\/www.navick.com\/ca\/marketing\/#breadcrumb"},"inLanguage":"ca","potentialAction":[{"@type":"ReadAction","target":["http:\/\/www.navick.com\/ca\/marketing\/"]}]},{"@type":"BreadcrumbList","@id":"http:\/\/www.navick.com\/ca\/marketing\/#breadcrumb","itemListElement":[{"@type":"ListItem","position":1,"name":"Portada","item":"http:\/\/www.navick.com\/ca\/"},{"@type":"ListItem","position":2,"name":"Marketing"}]},{"@type":"WebSite","@id":"http:\/\/www.navick.com\/#website","url":"http:\/\/www.navick.com\/","name":"Navick Comunicaci\u00f3n visual","description":"Comunicaci\u00f3n, dise\u00f1o web, dise\u00f1o gr\u00e1fico, logotipos, marketing, fotografia","potentialAction":[{"@type":"SearchAction","target":{"@type":"EntryPoint","urlTemplate":"http:\/\/www.navick.com\/?s={search_term_string}"},"query-input":{"@type":"PropertyValueSpecification","valueRequired":true,"valueName":"search_term_string"}}],"inLanguage":"ca"}]}},"_links":{"self":[{"href":"http:\/\/www.navick.com\/ca\/wp-json\/wp\/v2\/pages\/5333","targetHints":{"allow":["GET"]}}],"collection":[{"href":"http:\/\/www.navick.com\/ca\/wp-json\/wp\/v2\/pages"}],"about":[{"href":"http:\/\/www.navick.com\/ca\/wp-json\/wp\/v2\/types\/page"}],"author":[{"embeddable":true,"href":"http:\/\/www.navick.com\/ca\/wp-json\/wp\/v2\/users\/1"}],"replies":[{"embeddable":true,"href":"http:\/\/www.navick.com\/ca\/wp-json\/wp\/v2\/comments?post=5333"}],"version-history":[{"count":11,"href":"http:\/\/www.navick.com\/ca\/wp-json\/wp\/v2\/pages\/5333\/revisions"}],"predecessor-version":[{"id":5615,"href":"http:\/\/www.navick.com\/ca\/wp-json\/wp\/v2\/pages\/5333\/revisions\/5615"}],"wp:attachment":[{"href":"http:\/\/www.navick.com\/ca\/wp-json\/wp\/v2\/media?parent=5333"}],"curies":[{"name":"wp","href":"https:\/\/api.w.org\/{rel}","templated":true}]}}