{"id":5316,"date":"2022-11-28T12:37:33","date_gmt":"2022-11-28T12:37:33","guid":{"rendered":"http:\/\/www.navick.com\/ca\/blog\/"},"modified":"2023-09-21T16:29:05","modified_gmt":"2023-09-21T16:29:05","slug":"blog","status":"publish","type":"page","link":"http:\/\/www.navick.com\/ca\/blog\/","title":{"rendered":"A BLOGUEJAR S&#8217;HA DIT"},"content":{"rendered":"","protected":false},"excerpt":{"rendered":"","protected":false},"author":1,"featured_media":0,"parent":0,"menu_order":0,"comment_status":"closed","ping_status":"closed","template":"blog-standard","meta":{"footnotes":""},"class_list":["post-5316","page","type-page","status-publish","hentry"],"yoast_head":"<!-- This site is optimized with the Yoast SEO plugin v27.0 - https:\/\/yoast.com\/product\/yoast-seo-wordpress\/ -->\n<title>Navick Comunicaci\u00f3 Visual. Apr\u00e8n amb el nostre blog<\/title>\n<meta name=\"description\" content=\"Descobreix les \u00faltimes novetats en disseny gr\u00e0fic, marketing i fotografia al nostre blog. Des de tutorials fins a not\u00edcies del m\u00f3n de la comunicaci\u00f3 visual. Inspira&#039;t i apr\u00e8n amb nosaltres.\" \/>\n<meta name=\"robots\" content=\"index, follow, max-snippet:-1, max-image-preview:large, max-video-preview:-1\" \/>\n<link rel=\"canonical\" href=\"http:\/\/www.navick.com\/ca\/blog\/\" \/>\n<meta property=\"og:locale\" content=\"ca_ES\" \/>\n<meta property=\"og:type\" content=\"article\" \/>\n<meta property=\"og:title\" content=\"Navick Comunicaci\u00f3 Visual. Apr\u00e8n amb el nostre blog\" \/>\n<meta property=\"og:description\" content=\"Descobreix les \u00faltimes novetats en disseny gr\u00e0fic, marketing i fotografia al nostre blog. Des de tutorials fins a not\u00edcies del m\u00f3n de la comunicaci\u00f3 visual. Inspira&#039;t i apr\u00e8n amb nosaltres.\" \/>\n<meta property=\"og:url\" content=\"http:\/\/www.navick.com\/ca\/blog\/\" \/>\n<meta property=\"og:site_name\" content=\"Navick Comunicaci\u00f3n visual\" \/>\n<meta property=\"article:modified_time\" content=\"2023-09-21T16:29:05+00:00\" \/>\n<meta name=\"twitter:card\" content=\"summary_large_image\" \/>\n<script type=\"application\/ld+json\" class=\"yoast-schema-graph\">{\"@context\":\"https:\/\/schema.org\",\"@graph\":[{\"@type\":\"WebPage\",\"@id\":\"http:\/\/www.navick.com\/ca\/blog\/\",\"url\":\"http:\/\/www.navick.com\/ca\/blog\/\",\"name\":\"Navick Comunicaci\u00f3 Visual. Apr\u00e8n amb el nostre blog\",\"isPartOf\":{\"@id\":\"http:\/\/www.navick.com\/#website\"},\"datePublished\":\"2022-11-28T12:37:33+00:00\",\"dateModified\":\"2023-09-21T16:29:05+00:00\",\"description\":\"Descobreix les \u00faltimes novetats en disseny gr\u00e0fic, marketing i fotografia al nostre blog. Des de tutorials fins a not\u00edcies del m\u00f3n de la comunicaci\u00f3 visual. Inspira't i apr\u00e8n amb nosaltres.\",\"breadcrumb\":{\"@id\":\"http:\/\/www.navick.com\/ca\/blog\/#breadcrumb\"},\"inLanguage\":\"ca\",\"potentialAction\":[{\"@type\":\"ReadAction\",\"target\":[\"http:\/\/www.navick.com\/ca\/blog\/\"]}]},{\"@type\":\"BreadcrumbList\",\"@id\":\"http:\/\/www.navick.com\/ca\/blog\/#breadcrumb\",\"itemListElement\":[{\"@type\":\"ListItem\",\"position\":1,\"name\":\"Portada\",\"item\":\"http:\/\/www.navick.com\/ca\/\"},{\"@type\":\"ListItem\",\"position\":2,\"name\":\"A BLOGUEJAR S&#8217;HA DIT\"}]},{\"@type\":\"WebSite\",\"@id\":\"http:\/\/www.navick.com\/#website\",\"url\":\"http:\/\/www.navick.com\/\",\"name\":\"Navick Comunicaci\u00f3n visual\",\"description\":\"Comunicaci\u00f3n, dise\u00f1o web, dise\u00f1o gr\u00e1fico, logotipos, marketing, fotografia\",\"potentialAction\":[{\"@type\":\"SearchAction\",\"target\":{\"@type\":\"EntryPoint\",\"urlTemplate\":\"http:\/\/www.navick.com\/?s={search_term_string}\"},\"query-input\":{\"@type\":\"PropertyValueSpecification\",\"valueRequired\":true,\"valueName\":\"search_term_string\"}}],\"inLanguage\":\"ca\"}]}<\/script>\n<!-- \/ Yoast SEO plugin. -->","yoast_head_json":{"title":"Navick Comunicaci\u00f3 Visual. Apr\u00e8n amb el nostre blog","description":"Descobreix les \u00faltimes novetats en disseny gr\u00e0fic, marketing i fotografia al nostre blog. Des de tutorials fins a not\u00edcies del m\u00f3n de la comunicaci\u00f3 visual. Inspira't i apr\u00e8n amb nosaltres.","robots":{"index":"index","follow":"follow","max-snippet":"max-snippet:-1","max-image-preview":"max-image-preview:large","max-video-preview":"max-video-preview:-1"},"canonical":"http:\/\/www.navick.com\/ca\/blog\/","og_locale":"ca_ES","og_type":"article","og_title":"Navick Comunicaci\u00f3 Visual. Apr\u00e8n amb el nostre blog","og_description":"Descobreix les \u00faltimes novetats en disseny gr\u00e0fic, marketing i fotografia al nostre blog. Des de tutorials fins a not\u00edcies del m\u00f3n de la comunicaci\u00f3 visual. Inspira't i apr\u00e8n amb nosaltres.","og_url":"http:\/\/www.navick.com\/ca\/blog\/","og_site_name":"Navick Comunicaci\u00f3n visual","article_modified_time":"2023-09-21T16:29:05+00:00","twitter_card":"summary_large_image","schema":{"@context":"https:\/\/schema.org","@graph":[{"@type":"WebPage","@id":"http:\/\/www.navick.com\/ca\/blog\/","url":"http:\/\/www.navick.com\/ca\/blog\/","name":"Navick Comunicaci\u00f3 Visual. Apr\u00e8n amb el nostre blog","isPartOf":{"@id":"http:\/\/www.navick.com\/#website"},"datePublished":"2022-11-28T12:37:33+00:00","dateModified":"2023-09-21T16:29:05+00:00","description":"Descobreix les \u00faltimes novetats en disseny gr\u00e0fic, marketing i fotografia al nostre blog. Des de tutorials fins a not\u00edcies del m\u00f3n de la comunicaci\u00f3 visual. Inspira't i apr\u00e8n amb nosaltres.","breadcrumb":{"@id":"http:\/\/www.navick.com\/ca\/blog\/#breadcrumb"},"inLanguage":"ca","potentialAction":[{"@type":"ReadAction","target":["http:\/\/www.navick.com\/ca\/blog\/"]}]},{"@type":"BreadcrumbList","@id":"http:\/\/www.navick.com\/ca\/blog\/#breadcrumb","itemListElement":[{"@type":"ListItem","position":1,"name":"Portada","item":"http:\/\/www.navick.com\/ca\/"},{"@type":"ListItem","position":2,"name":"A BLOGUEJAR S&#8217;HA DIT"}]},{"@type":"WebSite","@id":"http:\/\/www.navick.com\/#website","url":"http:\/\/www.navick.com\/","name":"Navick Comunicaci\u00f3n visual","description":"Comunicaci\u00f3n, dise\u00f1o web, dise\u00f1o gr\u00e1fico, logotipos, marketing, fotografia","potentialAction":[{"@type":"SearchAction","target":{"@type":"EntryPoint","urlTemplate":"http:\/\/www.navick.com\/?s={search_term_string}"},"query-input":{"@type":"PropertyValueSpecification","valueRequired":true,"valueName":"search_term_string"}}],"inLanguage":"ca"}]}},"_links":{"self":[{"href":"http:\/\/www.navick.com\/ca\/wp-json\/wp\/v2\/pages\/5316","targetHints":{"allow":["GET"]}}],"collection":[{"href":"http:\/\/www.navick.com\/ca\/wp-json\/wp\/v2\/pages"}],"about":[{"href":"http:\/\/www.navick.com\/ca\/wp-json\/wp\/v2\/types\/page"}],"author":[{"embeddable":true,"href":"http:\/\/www.navick.com\/ca\/wp-json\/wp\/v2\/users\/1"}],"replies":[{"embeddable":true,"href":"http:\/\/www.navick.com\/ca\/wp-json\/wp\/v2\/comments?post=5316"}],"version-history":[{"count":1,"href":"http:\/\/www.navick.com\/ca\/wp-json\/wp\/v2\/pages\/5316\/revisions"}],"predecessor-version":[{"id":5317,"href":"http:\/\/www.navick.com\/ca\/wp-json\/wp\/v2\/pages\/5316\/revisions\/5317"}],"wp:attachment":[{"href":"http:\/\/www.navick.com\/ca\/wp-json\/wp\/v2\/media?parent=5316"}],"curies":[{"name":"wp","href":"https:\/\/api.w.org\/{rel}","templated":true}]}}