{"id":3776,"date":"2023-04-13T10:09:27","date_gmt":"2023-04-13T10:09:27","guid":{"rendered":"http:\/\/beta.navick.com\/?page_id=3776"},"modified":"2023-04-25T11:13:20","modified_gmt":"2023-04-25T11:13:20","slug":"fotografia","status":"publish","type":"page","link":"http:\/\/www.navick.com\/ca\/fotografia\/","title":{"rendered":"Fotografia"},"content":{"rendered":"<section class=\"wpb-content-wrapper\"><p>[vc_row content_placement=&#8221;bottom&#8221; row_content_width=&#8221;grid&#8221;][vc_column][vc_empty_space height=&#8221;170&#8243;][\/vc_column][\/vc_row][vc_row content_placement=&#8221;bottom&#8221; row_content_width=&#8221;grid&#8221;][vc_column]<div class=\"edgtf-elements-holder   edgtf-two-columns  edgtf-responsive-mode-1024 \" ><div class=\"edgtf-eh-item  edgtf-vertical-alignment-bottom   \"  data-item-class=\"edgtf-eh-custom-9011\" data-1025-1366=\"0 37px 0 0\" data-769-1024=\"0 170px 0 0\" data-681-768=\"0 0 0 0\" data-680=\"0 0 0 0\">\n\t<div class=\"edgtf-eh-item-inner\">\n\t\t<div class=\"edgtf-eh-item-content edgtf-eh-custom-9011\" style=\"padding: 0 70px 0 0\">\n\t\t\t<div class=\"edgtf-section-title-holder  edgtf-st-standard edgtf-st-title-left edgtf-st-normal-space \" >\n\t<div class=\"edgtf-st-inner\">\n\t\t\t\t\t<h2 class=\"edgtf-st-title\" >\n\t\t\t\tEns encanta<br \/> la fotografia\t\t\t<\/h2>\n\t\t\t\t\t<\/div>\n<\/div>[vc_column_text css=&#8221;.vc_custom_1681380406392{padding-top: 10px !important;}&#8221;]Benvinguts al nostre estudi, on les imatges valen m\u00e9s que les paraules. Captem moments que parlen per si sols, des de l&#8217;\u00e0mbit social fins a l&#8217;industrial, ho fotografiem tot: pares, \u00e0vies, nens, sabates, rellotges, bicicletes&#8230; tot entra en l&#8217;objectiu de la nostra c\u00e0mera. 3, 2, 1&#8230; Flash!.[\/vc_column_text]\t\t<\/div>\n\t<\/div>\n<\/div><div class=\"edgtf-eh-item  edgtf-vertical-alignment-bottom   \"  data-item-class=\"edgtf-eh-custom-9758\"  >\n\t<div class=\"edgtf-eh-item-inner\">\n\t\t<div class=\"edgtf-eh-item-content edgtf-eh-custom-9758\" style=\"padding: 0 9% 0 0\">\n\t\t\t[vc_empty_space height=&#8221;40px&#8221;]<div class=\"edgtf-progress-bar  edgtf-pb-percent-floating\">\n\t<h6 class=\"edgtf-pb-title-holder\" >\n\t\t<span class=\"edgtf-pb-title\">Retrats<\/span>\n\t\t<span class=\"edgtf-pb-percent\">0<\/span>\n\t<\/h6>\n\t<div class=\"edgtf-pb-content-holder\" >\n\t\t<div data-percentage=62 class=\"edgtf-pb-content\" ><\/div>\n\t<\/div>\n<\/div>[vc_empty_space height=&#8221;35px&#8221;]<div class=\"edgtf-progress-bar  edgtf-pb-percent-floating\">\n\t<h6 class=\"edgtf-pb-title-holder\" >\n\t\t<span class=\"edgtf-pb-title\">Nadons<\/span>\n\t\t<span class=\"edgtf-pb-percent\">0<\/span>\n\t<\/h6>\n\t<div class=\"edgtf-pb-content-holder\" >\n\t\t<div data-percentage=95 class=\"edgtf-pb-content\" ><\/div>\n\t<\/div>\n<\/div>[vc_empty_space height=&#8221;35px&#8221;]<div class=\"edgtf-progress-bar  edgtf-pb-percent-floating\">\n\t<h6 class=\"edgtf-pb-title-holder\" >\n\t\t<span class=\"edgtf-pb-title\">Productes<\/span>\n\t\t<span class=\"edgtf-pb-percent\">0<\/span>\n\t<\/h6>\n\t<div class=\"edgtf-pb-content-holder\" >\n\t\t<div data-percentage=47 class=\"edgtf-pb-content\" ><\/div>\n\t<\/div>\n<\/div>[vc_empty_space height=&#8221;35px&#8221;]<div class=\"edgtf-progress-bar  edgtf-pb-percent-floating\">\n\t<h6 class=\"edgtf-pb-title-holder\" >\n\t\t<span class=\"edgtf-pb-title\">Embarassos<\/span>\n\t\t<span class=\"edgtf-pb-percent\">0<\/span>\n\t<\/h6>\n\t<div class=\"edgtf-pb-content-holder\" >\n\t\t<div data-percentage=87 class=\"edgtf-pb-content\" ><\/div>\n\t<\/div>\n<\/div>[vc_empty_space height=&#8221;8px&#8221;]\t\t<\/div>\n\t<\/div>\n<\/div><\/div>[\/vc_column][\/vc_row][vc_row content_placement=&#8221;bottom&#8221; row_content_width=&#8221;grid&#8221;][vc_column][vc_empty_space height=&#8221;183&#8243;][\/vc_column][\/vc_row][vc_row css=&#8221;.vc_custom_1669137730873{padding-bottom: 50px !important;}&#8221;][vc_column]<div class=\"edgtf-portfolio-list-horizontal-holder\" >\n    <div class=\"edgtf-portfolio-list-horizontal-inner\">\n        \n<div class=\"edgtf-plh-item\">\n    <a itemprop=\"url\" href=\"http:\/\/www.navick.com\/ca\/portfolio-item\/el-meu-embaras\/\" target=\"_self\">\n        <img decoding=\"async\" src=\"http:\/\/www.navick.com\/wp-content\/uploads\/2022\/11\/miniatura_embassada_portfolio.gif\" alt=\"\">\n    <\/a>\n    <div class=\"edgtf-plhi-title-holder\">\n        <h6 class='edgtf-plhi-title'>\n            <a itemprop=\"url\" href=\"http:\/\/www.navick.com\/ca\/portfolio-item\/el-meu-embaras\/\" target=\"_self\">\n                El meu embar\u00e0s            <\/a>\n        <\/h6>\n    <\/div>\n    \t\t<div class=\"edgtf-pli-category-holder\">\n\t\t\t\t\t\t\t<a itemprop=\"url\" class=\"edgtf-pli-category\" href=\"http:\/\/www.navick.com\/ca\/portfolio-category\/fotografia-ca\/\">Fotografia<\/a>\n\t\t\t\t\t<\/div>\n\t<\/div> \n<div class=\"edgtf-plh-item\">\n    <a itemprop=\"url\" href=\"http:\/\/www.navick.com\/ca\/portfolio-item\/el-meu-retrat\/\" target=\"_self\">\n        <img decoding=\"async\" src=\"http:\/\/www.navick.com\/wp-content\/uploads\/2022\/11\/miniatura_retratos_portfolio.jpg\" alt=\"\">\n    <\/a>\n    <div class=\"edgtf-plhi-title-holder\">\n        <h6 class='edgtf-plhi-title'>\n            <a itemprop=\"url\" href=\"http:\/\/www.navick.com\/ca\/portfolio-item\/el-meu-retrat\/\" target=\"_self\">\n                El meu retrat            <\/a>\n        <\/h6>\n    <\/div>\n    \t\t<div class=\"edgtf-pli-category-holder\">\n\t\t\t\t\t\t\t<a itemprop=\"url\" class=\"edgtf-pli-category\" href=\"http:\/\/www.navick.com\/ca\/portfolio-category\/fotografia-ca\/\">Fotografia<\/a>\n\t\t\t\t\t<\/div>\n\t<\/div> \n<div class=\"edgtf-plh-item\">\n    <a itemprop=\"url\" href=\"http:\/\/www.navick.com\/ca\/portfolio-item\/el-meu-producte\/\" target=\"_self\">\n        <img decoding=\"async\" src=\"http:\/\/www.navick.com\/wp-content\/uploads\/2022\/11\/miniatura_industrials_portfolio.jpg\" alt=\"\">\n    <\/a>\n    <div class=\"edgtf-plhi-title-holder\">\n        <h6 class='edgtf-plhi-title'>\n            <a itemprop=\"url\" href=\"http:\/\/www.navick.com\/ca\/portfolio-item\/el-meu-producte\/\" target=\"_self\">\n                El meu producte            <\/a>\n        <\/h6>\n    <\/div>\n    \t\t<div class=\"edgtf-pli-category-holder\">\n\t\t\t\t\t\t\t<a itemprop=\"url\" class=\"edgtf-pli-category\" href=\"http:\/\/www.navick.com\/ca\/portfolio-category\/fotografia-ca\/\">Fotografia<\/a>\n\t\t\t\t\t<\/div>\n\t<\/div> \n<div class=\"edgtf-plh-item\">\n    <a itemprop=\"url\" href=\"http:\/\/www.navick.com\/ca\/portfolio-item\/el-meu-nado\/\" target=\"_self\">\n        <img decoding=\"async\" src=\"http:\/\/www.navick.com\/wp-content\/uploads\/2022\/11\/portf_nens_miniatura.jpg\" alt=\"\">\n    <\/a>\n    <div class=\"edgtf-plhi-title-holder\">\n        <h6 class='edgtf-plhi-title'>\n            <a itemprop=\"url\" href=\"http:\/\/www.navick.com\/ca\/portfolio-item\/el-meu-nado\/\" target=\"_self\">\n                El meu nad\u00f3            <\/a>\n        <\/h6>\n    <\/div>\n    \t\t<div class=\"edgtf-pli-category-holder\">\n\t\t\t\t\t\t\t<a itemprop=\"url\" class=\"edgtf-pli-category\" href=\"http:\/\/www.navick.com\/ca\/portfolio-category\/fotografia-ca\/\">Fotografia<\/a>\n\t\t\t\t\t<\/div>\n\t<\/div> \n<div class=\"edgtf-plh-item\">\n    <a itemprop=\"url\" href=\"http:\/\/www.navick.com\/ca\/portfolio-item\/el-meu-nen\/\" target=\"_self\">\n        <img decoding=\"async\" src=\"http:\/\/www.navick.com\/wp-content\/uploads\/2023\/03\/portfolio_nino_miniatura.jpg\" alt=\"\">\n    <\/a>\n    <div class=\"edgtf-plhi-title-holder\">\n        <h6 class='edgtf-plhi-title'>\n            <a itemprop=\"url\" href=\"http:\/\/www.navick.com\/ca\/portfolio-item\/el-meu-nen\/\" target=\"_self\">\n                El meu nen            <\/a>\n        <\/h6>\n    <\/div>\n    \t\t<div class=\"edgtf-pli-category-holder\">\n\t\t\t\t\t\t\t<a itemprop=\"url\" class=\"edgtf-pli-category\" href=\"http:\/\/www.navick.com\/ca\/portfolio-category\/fotografia-ca\/\">Fotografia<\/a>\n\t\t\t\t\t<\/div>\n\t<\/div> \n<div class=\"edgtf-plh-item\">\n    <a itemprop=\"url\" href=\"http:\/\/www.navick.com\/ca\/portfolio-item\/la-meva-familia\/\" target=\"_self\">\n        <img decoding=\"async\" src=\"http:\/\/www.navick.com\/wp-content\/uploads\/2023\/03\/portfolio_familia_miniatura_02.jpg\" alt=\"\">\n    <\/a>\n    <div class=\"edgtf-plhi-title-holder\">\n        <h6 class='edgtf-plhi-title'>\n            <a itemprop=\"url\" href=\"http:\/\/www.navick.com\/ca\/portfolio-item\/la-meva-familia\/\" target=\"_self\">\n                La meva fam\u00edlia            <\/a>\n        <\/h6>\n    <\/div>\n    \t\t<div class=\"edgtf-pli-category-holder\">\n\t\t\t\t\t\t\t<a itemprop=\"url\" class=\"edgtf-pli-category\" href=\"http:\/\/www.navick.com\/ca\/portfolio-category\/fotografia-ca\/\">Fotografia<\/a>\n\t\t\t\t\t<\/div>\n\t<\/div> \n<div class=\"edgtf-plh-item\">\n    <a itemprop=\"url\" href=\"http:\/\/www.navick.com\/ca\/portfolio-item\/la-meva-comunio\/\" target=\"_self\">\n        <img decoding=\"async\" src=\"http:\/\/www.navick.com\/wp-content\/uploads\/2022\/11\/miniatura_comunios_portfolio.gif\" alt=\"\">\n    <\/a>\n    <div class=\"edgtf-plhi-title-holder\">\n        <h6 class='edgtf-plhi-title'>\n            <a itemprop=\"url\" href=\"http:\/\/www.navick.com\/ca\/portfolio-item\/la-meva-comunio\/\" target=\"_self\">\n                La meva comuni\u00f3            <\/a>\n        <\/h6>\n    <\/div>\n    \t\t<div class=\"edgtf-pli-category-holder\">\n\t\t\t\t\t\t\t<a itemprop=\"url\" class=\"edgtf-pli-category\" href=\"http:\/\/www.navick.com\/ca\/portfolio-category\/fotografia-ca\/\">Fotografia<\/a>\n\t\t\t\t\t<\/div>\n\t<\/div> \n<div class=\"edgtf-plh-item\">\n    <a itemprop=\"url\" href=\"http:\/\/www.navick.com\/ca\/portfolio-item\/la-meva-orla\/\" target=\"_self\">\n        <img decoding=\"async\" src=\"http:\/\/www.navick.com\/wp-content\/uploads\/2023\/03\/portfolio_orla_miniatura_01.jpg\" alt=\"\">\n    <\/a>\n    <div class=\"edgtf-plhi-title-holder\">\n        <h6 class='edgtf-plhi-title'>\n            <a itemprop=\"url\" href=\"http:\/\/www.navick.com\/ca\/portfolio-item\/la-meva-orla\/\" target=\"_self\">\n                La meva orla            <\/a>\n        <\/h6>\n    <\/div>\n    \t\t<div class=\"edgtf-pli-category-holder\">\n\t\t\t\t\t\t\t<a itemprop=\"url\" class=\"edgtf-pli-category\" href=\"http:\/\/www.navick.com\/ca\/portfolio-category\/fotografia-ca\/\">Fotografia<\/a>\n\t\t\t\t\t<\/div>\n\t<\/div>     <\/div>\n    <\/div> [\/vc_column][\/vc_row][vc_row row_content_width=&#8221;grid&#8221; css=&#8221;.vc_custom_1548687138806{padding-top: 150px !important;padding-bottom: 141px !important;}&#8221;][vc_column]<div class=\"edgtf-elements-holder   edgtf-two-columns  edgtf-responsive-mode-1024 \" ><div class=\"edgtf-eh-item     \"  data-item-class=\"edgtf-eh-custom-9119\" data-1025-1366=\"0 20px 0 0\" data-769-1024=\"0 0 0 0\" data-681-768=\"0 0 0 0\" data-680=\"0 0 0 0\">\n\t<div class=\"edgtf-eh-item-inner\">\n\t\t<div class=\"edgtf-eh-item-content edgtf-eh-custom-9119\" style=\"padding: 0 50px 0 0\">\n\t\t\t<div class=\"edgtf-section-title-holder  edgtf-st-standard edgtf-st-title-left edgtf-st-normal-space edgtf-st-disable-title-break\" >\n\t<div class=\"edgtf-st-inner\">\n\t\t\t\t\t<h2 class=\"edgtf-st-title\" >\n\t\t\t\tParlem de fotografia?<br \/>\t\t\t<\/h2>\n\t\t\t\t\t<\/div>\n<\/div>[vc_column_text css=&#8221;.vc_custom_1681473709895{padding-top: 10px !important;}&#8221;]Nom\u00e9s has d&#8217;omplir aquest formulari i nosaltres ens posarem en contacte amb tu en en un pisp\u00e0s. T&#8217;explicarem com ens agrada organitzar les sessions fotogr\u00e0fiques al nostre plat\u00f3 o in situ i, si tot t&#8217;encaixa, buscarem dia i hora per fer aquestes fotos.[\/vc_column_text][vc_empty_space height=&#8221;40&#8243;]\t\t<\/div>\n\t<\/div>\n<\/div><div class=\"edgtf-eh-item edgtf-cf7-contact edgtf-vertical-alignment-bottom   \"  data-item-class=\"edgtf-eh-custom-5811\" data-769-1024=\"50px 0 0 0\" data-681-768=\"50px 0 0 0\" data-680=\"50px 0 0 0\">\n\t<div class=\"edgtf-eh-item-inner\">\n\t\t<div class=\"edgtf-eh-item-content edgtf-eh-custom-5811\" style=\"padding: 0 0 0 0\">\n\t\t\t\n<div class=\"wpcf7 no-js\" id=\"wpcf7-f5299-o1\" lang=\"es-ES\" dir=\"ltr\" data-wpcf7-id=\"5299\">\n<div class=\"screen-reader-response\"><p role=\"status\" aria-live=\"polite\" aria-atomic=\"true\"><\/p> <ul><\/ul><\/div>\n<form action=\"\/ca\/wp-json\/wp\/v2\/pages\/3776#wpcf7-f5299-o1\" method=\"post\" class=\"wpcf7-form init cf7_custom_style_1\" aria-label=\"Contact form\" novalidate=\"novalidate\" data-status=\"init\">\n<fieldset class=\"hidden-fields-container\"><input type=\"hidden\" name=\"_wpcf7\" value=\"5299\" \/><input type=\"hidden\" name=\"_wpcf7_version\" value=\"6.1.5\" \/><input type=\"hidden\" name=\"_wpcf7_locale\" value=\"es_ES\" \/><input type=\"hidden\" name=\"_wpcf7_unit_tag\" value=\"wpcf7-f5299-o1\" \/><input type=\"hidden\" name=\"_wpcf7_container_post\" value=\"0\" \/><input type=\"hidden\" name=\"_wpcf7_posted_data_hash\" value=\"\" \/><input type=\"hidden\" name=\"_wpcf7_recaptcha_response\" value=\"\" \/>\n<\/fieldset>\n<div>\n\t<p><span class=\"wpcf7-form-control-wrap\" data-name=\"Nombre\"><input size=\"40\" maxlength=\"400\" class=\"wpcf7-form-control wpcf7-text wpcf7-validates-as-required\" aria-required=\"true\" aria-invalid=\"false\" placeholder=\"Com et dius?\" value=\"\" type=\"text\" name=\"Nombre\" \/><\/span>\n\t<\/p>\n<\/div>\n<div>\n\t<p><span class=\"wpcf7-form-control-wrap\" data-name=\"Observaciones\"><input size=\"40\" maxlength=\"400\" class=\"wpcf7-form-control wpcf7-text wpcf7-validates-as-required\" aria-required=\"true\" aria-invalid=\"false\" placeholder=\"Qu\u00e8 necessites?\" value=\"\" type=\"text\" name=\"Observaciones\" \/><\/span>\n\t<\/p>\n<\/div>\n<div>\n\t<p><span class=\"wpcf7-form-control-wrap\" data-name=\"Mail\"><input size=\"40\" maxlength=\"400\" class=\"wpcf7-form-control wpcf7-email wpcf7-validates-as-required wpcf7-text wpcf7-validates-as-email\" aria-required=\"true\" aria-invalid=\"false\" placeholder=\"D\u00f3na&#039;ns el teu mail!\" value=\"\" type=\"email\" name=\"Mail\" \/><\/span>\n\t<\/p>\n<\/div>\n<p><button class=\"wpcf7-form-control wpcf7-submit edgtf-btn edgtf-btn-medium edgtf-btn-solid\" type=\"submit\"  data-text=\"Enviar\"><span class=\"edgtf-btn-text\">Enviar<\/span><\/button>\n<\/p><div class=\"wpcf7-response-output\" aria-hidden=\"true\"><\/div>\n<\/form>\n<\/div>\n[vc_empty_space height=&#8221;49px&#8221;]\t\t<\/div>\n\t<\/div>\n<\/div><\/div>[\/vc_column][\/vc_row]<\/p>\n<\/section>","protected":false},"excerpt":{"rendered":"<p>[vc_row content_placement=&#8221;bottom&#8221; row_content_width=&#8221;grid&#8221;][vc_column][vc_empty_space height=&#8221;170&#8243;][\/vc_column][\/vc_row][vc_row content_placement=&#8221;bottom&#8221; row_content_width=&#8221;grid&#8221;][vc_column][\/vc_column][\/vc_row][vc_row content_placement=&#8221;bottom&#8221; row_content_width=&#8221;grid&#8221;][vc_column][vc_empty_space height=&#8221;183&#8243;][\/vc_column][\/vc_row][vc_row css=&#8221;.vc_custom_1669137730873{padding-bottom: 50px !important;}&#8221;][vc_column][\/vc_column][\/vc_row][vc_row row_content_width=&#8221;grid&#8221; css=&#8221;.vc_custom_1548687138806{padding-top: 150px !important;padding-bottom: 141px !important;}&#8221;][vc_column][\/vc_column][\/vc_row]<\/p>\n","protected":false},"author":1,"featured_media":0,"parent":0,"menu_order":0,"comment_status":"closed","ping_status":"closed","template":"full-width.php","meta":{"footnotes":""},"class_list":["post-3776","page","type-page","status-publish","hentry"],"yoast_head":"<!-- This site is optimized with the Yoast SEO plugin v27.0 - https:\/\/yoast.com\/product\/yoast-seo-wordpress\/ -->\n<title>Navick Comunicaci\u00f3 Visual. Fotografia d&#039;estudi, industrial i orles<\/title>\n<meta name=\"description\" content=\"Si busques un estudi de fotografia que capturi moments aut\u00e8ntics i plens de vida, has arribat al lloc indicat! En el nostre estudi estimem la fotografia i ens dediquem a immortalitzar tota mena de moments, des d&#039;all\u00f2 social fins a all\u00f2 industrial. Entra i descobreix com podem fer que els teus records perdurin per sempre!\" \/>\n<meta name=\"robots\" content=\"index, follow, max-snippet:-1, max-image-preview:large, max-video-preview:-1\" \/>\n<link rel=\"canonical\" href=\"http:\/\/www.navick.com\/ca\/fotografia\/\" \/>\n<meta property=\"og:locale\" content=\"ca_ES\" \/>\n<meta property=\"og:type\" content=\"article\" \/>\n<meta property=\"og:title\" content=\"Navick Comunicaci\u00f3 Visual. Fotografia d&#039;estudi, industrial i orles\" \/>\n<meta property=\"og:description\" content=\"Si busques un estudi de fotografia que capturi moments aut\u00e8ntics i plens de vida, has arribat al lloc indicat! En el nostre estudi estimem la fotografia i ens dediquem a immortalitzar tota mena de moments, des d&#039;all\u00f2 social fins a all\u00f2 industrial. Entra i descobreix com podem fer que els teus records perdurin per sempre!\" \/>\n<meta property=\"og:url\" content=\"http:\/\/www.navick.com\/ca\/fotografia\/\" \/>\n<meta property=\"og:site_name\" content=\"Navick Comunicaci\u00f3n visual\" \/>\n<meta property=\"article:modified_time\" content=\"2023-04-25T11:13:20+00:00\" \/>\n<meta name=\"twitter:card\" content=\"summary_large_image\" \/>\n<meta name=\"twitter:label1\" content=\"Est. reading time\" \/>\n\t<meta name=\"twitter:data1\" content=\"2 minutes\" \/>\n<script type=\"application\/ld+json\" class=\"yoast-schema-graph\">{\"@context\":\"https:\/\/schema.org\",\"@graph\":[{\"@type\":\"WebPage\",\"@id\":\"http:\/\/www.navick.com\/ca\/fotografia\/\",\"url\":\"http:\/\/www.navick.com\/ca\/fotografia\/\",\"name\":\"Navick Comunicaci\u00f3 Visual. Fotografia d'estudi, industrial i orles\",\"isPartOf\":{\"@id\":\"http:\/\/www.navick.com\/#website\"},\"datePublished\":\"2023-04-13T10:09:27+00:00\",\"dateModified\":\"2023-04-25T11:13:20+00:00\",\"description\":\"Si busques un estudi de fotografia que capturi moments aut\u00e8ntics i plens de vida, has arribat al lloc indicat! En el nostre estudi estimem la fotografia i ens dediquem a immortalitzar tota mena de moments, des d'all\u00f2 social fins a all\u00f2 industrial. Entra i descobreix com podem fer que els teus records perdurin per sempre!\",\"breadcrumb\":{\"@id\":\"http:\/\/www.navick.com\/ca\/fotografia\/#breadcrumb\"},\"inLanguage\":\"ca\",\"potentialAction\":[{\"@type\":\"ReadAction\",\"target\":[\"http:\/\/www.navick.com\/ca\/fotografia\/\"]}]},{\"@type\":\"BreadcrumbList\",\"@id\":\"http:\/\/www.navick.com\/ca\/fotografia\/#breadcrumb\",\"itemListElement\":[{\"@type\":\"ListItem\",\"position\":1,\"name\":\"Portada\",\"item\":\"http:\/\/www.navick.com\/ca\/\"},{\"@type\":\"ListItem\",\"position\":2,\"name\":\"Fotografia\"}]},{\"@type\":\"WebSite\",\"@id\":\"http:\/\/www.navick.com\/#website\",\"url\":\"http:\/\/www.navick.com\/\",\"name\":\"Navick Comunicaci\u00f3n visual\",\"description\":\"Comunicaci\u00f3n, dise\u00f1o web, dise\u00f1o gr\u00e1fico, logotipos, marketing, fotografia\",\"potentialAction\":[{\"@type\":\"SearchAction\",\"target\":{\"@type\":\"EntryPoint\",\"urlTemplate\":\"http:\/\/www.navick.com\/?s={search_term_string}\"},\"query-input\":{\"@type\":\"PropertyValueSpecification\",\"valueRequired\":true,\"valueName\":\"search_term_string\"}}],\"inLanguage\":\"ca\"}]}<\/script>\n<!-- \/ Yoast SEO plugin. -->","yoast_head_json":{"title":"Navick Comunicaci\u00f3 Visual. Fotografia d'estudi, industrial i orles","description":"Si busques un estudi de fotografia que capturi moments aut\u00e8ntics i plens de vida, has arribat al lloc indicat! En el nostre estudi estimem la fotografia i ens dediquem a immortalitzar tota mena de moments, des d'all\u00f2 social fins a all\u00f2 industrial. Entra i descobreix com podem fer que els teus records perdurin per sempre!","robots":{"index":"index","follow":"follow","max-snippet":"max-snippet:-1","max-image-preview":"max-image-preview:large","max-video-preview":"max-video-preview:-1"},"canonical":"http:\/\/www.navick.com\/ca\/fotografia\/","og_locale":"ca_ES","og_type":"article","og_title":"Navick Comunicaci\u00f3 Visual. Fotografia d'estudi, industrial i orles","og_description":"Si busques un estudi de fotografia que capturi moments aut\u00e8ntics i plens de vida, has arribat al lloc indicat! En el nostre estudi estimem la fotografia i ens dediquem a immortalitzar tota mena de moments, des d'all\u00f2 social fins a all\u00f2 industrial. Entra i descobreix com podem fer que els teus records perdurin per sempre!","og_url":"http:\/\/www.navick.com\/ca\/fotografia\/","og_site_name":"Navick Comunicaci\u00f3n visual","article_modified_time":"2023-04-25T11:13:20+00:00","twitter_card":"summary_large_image","twitter_misc":{"Est. reading time":"2 minutes"},"schema":{"@context":"https:\/\/schema.org","@graph":[{"@type":"WebPage","@id":"http:\/\/www.navick.com\/ca\/fotografia\/","url":"http:\/\/www.navick.com\/ca\/fotografia\/","name":"Navick Comunicaci\u00f3 Visual. Fotografia d'estudi, industrial i orles","isPartOf":{"@id":"http:\/\/www.navick.com\/#website"},"datePublished":"2023-04-13T10:09:27+00:00","dateModified":"2023-04-25T11:13:20+00:00","description":"Si busques un estudi de fotografia que capturi moments aut\u00e8ntics i plens de vida, has arribat al lloc indicat! En el nostre estudi estimem la fotografia i ens dediquem a immortalitzar tota mena de moments, des d'all\u00f2 social fins a all\u00f2 industrial. Entra i descobreix com podem fer que els teus records perdurin per sempre!","breadcrumb":{"@id":"http:\/\/www.navick.com\/ca\/fotografia\/#breadcrumb"},"inLanguage":"ca","potentialAction":[{"@type":"ReadAction","target":["http:\/\/www.navick.com\/ca\/fotografia\/"]}]},{"@type":"BreadcrumbList","@id":"http:\/\/www.navick.com\/ca\/fotografia\/#breadcrumb","itemListElement":[{"@type":"ListItem","position":1,"name":"Portada","item":"http:\/\/www.navick.com\/ca\/"},{"@type":"ListItem","position":2,"name":"Fotografia"}]},{"@type":"WebSite","@id":"http:\/\/www.navick.com\/#website","url":"http:\/\/www.navick.com\/","name":"Navick Comunicaci\u00f3n visual","description":"Comunicaci\u00f3n, dise\u00f1o web, dise\u00f1o gr\u00e1fico, logotipos, marketing, fotografia","potentialAction":[{"@type":"SearchAction","target":{"@type":"EntryPoint","urlTemplate":"http:\/\/www.navick.com\/?s={search_term_string}"},"query-input":{"@type":"PropertyValueSpecification","valueRequired":true,"valueName":"search_term_string"}}],"inLanguage":"ca"}]}},"_links":{"self":[{"href":"http:\/\/www.navick.com\/ca\/wp-json\/wp\/v2\/pages\/3776","targetHints":{"allow":["GET"]}}],"collection":[{"href":"http:\/\/www.navick.com\/ca\/wp-json\/wp\/v2\/pages"}],"about":[{"href":"http:\/\/www.navick.com\/ca\/wp-json\/wp\/v2\/types\/page"}],"author":[{"embeddable":true,"href":"http:\/\/www.navick.com\/ca\/wp-json\/wp\/v2\/users\/1"}],"replies":[{"embeddable":true,"href":"http:\/\/www.navick.com\/ca\/wp-json\/wp\/v2\/comments?post=3776"}],"version-history":[{"count":8,"href":"http:\/\/www.navick.com\/ca\/wp-json\/wp\/v2\/pages\/3776\/revisions"}],"predecessor-version":[{"id":5350,"href":"http:\/\/www.navick.com\/ca\/wp-json\/wp\/v2\/pages\/3776\/revisions\/5350"}],"wp:attachment":[{"href":"http:\/\/www.navick.com\/ca\/wp-json\/wp\/v2\/media?parent=3776"}],"curies":[{"name":"wp","href":"https:\/\/api.w.org\/{rel}","templated":true}]}}